{"id":57,"date":"2025-04-10T17:59:48","date_gmt":"2025-04-10T17:59:48","guid":{"rendered":"https:\/\/gurka-kerstin.web.kslinz.at\/gurkakerstin\/?page_id=57"},"modified":"2025-05-22T09:45:48","modified_gmt":"2025-05-22T09:45:48","slug":"cosplays","status":"publish","type":"page","link":"https:\/\/gurka-kerstin.web.kslinz.at\/gurkakerstin\/?page_id=57","title":{"rendered":"Cosplays"},"content":{"rendered":"\n<p class=\"has-text-align-center\">Mein gr\u00f6\u00dftes Hobby ist das Cosplayen.<br>Ich liebe es in verschiedene Rollen zu schl\u00fcpfen und auf <br>Conventions zu gehen.<br>Eine Nerdin im Herzen<\/p>\n\n\n\n<div class=\"wp-block-columns is-layout-flex wp-container-core-columns-is-layout-9d6595d7 wp-block-columns-is-layout-flex\">\n<div class=\"wp-block-column is-layout-flow wp-block-column-is-layout-flow\">\n<div class=\"alignnormal\"><div id=\"metaslider-id-304\" style=\"width: 100%;\" class=\"ml-slider-3-98-0 metaslider metaslider-flex metaslider-304 ml-slider ms-theme-default-base has-dots-nav\" role=\"region\" aria-roledescription=\"Slideshow\" aria-label=\"New Slideshow\" data-width=\"700\">\n    <div id=\"metaslider_container_304\">\n        <div id=\"metaslider_304\">\n            <ul class='slides'>\n                <li style=\"display: block; width: 100%;\" class=\"slide-319 ms-image \" aria-roledescription=\"slide\" aria-label=\"slide-319\" data-date=\"2025-05-21 09:27:07\"><img loading=\"lazy\" decoding=\"async\" src=\"https:\/\/gurka-kerstin.web.kslinz.at\/gurkakerstin\/wp-content\/uploads\/2025\/05\/3-700x700.jpg\" height=\"700\" width=\"700\" alt=\"\" class=\"slider-304 slide-319\" title=\"3\" \/><\/li>\n                <li style=\"display: none; width: 100%;\" class=\"slide-320 ms-image \" aria-roledescription=\"slide\" aria-label=\"slide-320\" data-date=\"2025-05-21 09:27:07\"><img loading=\"lazy\" decoding=\"async\" src=\"https:\/\/gurka-kerstin.web.kslinz.at\/gurkakerstin\/wp-content\/uploads\/2025\/05\/4-700x700.jpg\" height=\"700\" width=\"700\" alt=\"\" class=\"slider-304 slide-320\" title=\"4\" \/><\/li>\n                <li style=\"display: none; width: 100%;\" class=\"slide-321 ms-image \" aria-roledescription=\"slide\" aria-label=\"slide-321\" data-date=\"2025-05-21 09:27:07\"><img loading=\"lazy\" decoding=\"async\" src=\"https:\/\/gurka-kerstin.web.kslinz.at\/gurkakerstin\/wp-content\/uploads\/2025\/05\/5-700x700.jpg\" height=\"700\" width=\"700\" alt=\"\" class=\"slider-304 slide-321\" title=\"5\" \/><\/li>\n                <li style=\"display: none; width: 100%;\" class=\"slide-322 ms-image \" aria-roledescription=\"slide\" aria-label=\"slide-322\" data-date=\"2025-05-21 09:27:08\"><img loading=\"lazy\" decoding=\"async\" src=\"https:\/\/gurka-kerstin.web.kslinz.at\/gurkakerstin\/wp-content\/uploads\/2025\/05\/8-700x700.jpg\" height=\"700\" width=\"700\" alt=\"\" class=\"slider-304 slide-322\" title=\"8\" \/><\/li>\n                <li style=\"display: none; width: 100%;\" class=\"slide-323 ms-image \" aria-roledescription=\"slide\" aria-label=\"slide-323\" data-date=\"2025-05-21 09:27:08\"><img loading=\"lazy\" decoding=\"async\" src=\"https:\/\/gurka-kerstin.web.kslinz.at\/gurkakerstin\/wp-content\/uploads\/2025\/05\/10-700x700.jpg\" height=\"700\" width=\"700\" alt=\"\" class=\"slider-304 slide-323\" title=\"10\" \/><\/li>\n                <li style=\"display: none; width: 100%;\" class=\"slide-324 ms-image \" aria-roledescription=\"slide\" aria-label=\"slide-324\" data-date=\"2025-05-21 09:27:08\"><img loading=\"lazy\" decoding=\"async\" src=\"https:\/\/gurka-kerstin.web.kslinz.at\/gurkakerstin\/wp-content\/uploads\/2025\/05\/12-700x700.jpg\" height=\"700\" width=\"700\" alt=\"\" class=\"slider-304 slide-324\" title=\"12\" \/><\/li>\n                <li style=\"display: none; width: 100%;\" class=\"slide-325 ms-image \" aria-roledescription=\"slide\" aria-label=\"slide-325\" data-date=\"2025-05-21 09:27:08\"><img loading=\"lazy\" decoding=\"async\" src=\"https:\/\/gurka-kerstin.web.kslinz.at\/gurkakerstin\/wp-content\/uploads\/2025\/05\/21-700x700.jpg\" height=\"700\" width=\"700\" alt=\"\" class=\"slider-304 slide-325\" title=\"21\" \/><\/li>\n                <li style=\"display: none; width: 100%;\" class=\"slide-326 ms-image \" aria-roledescription=\"slide\" aria-label=\"slide-326\" data-date=\"2025-05-21 09:27:08\"><img loading=\"lazy\" decoding=\"async\" src=\"https:\/\/gurka-kerstin.web.kslinz.at\/gurkakerstin\/wp-content\/uploads\/2025\/05\/24-700x700.jpg\" height=\"700\" width=\"700\" alt=\"\" class=\"slider-304 slide-326\" title=\"24\" \/><\/li>\n                <li style=\"display: none; width: 100%;\" class=\"slide-327 ms-image \" aria-roledescription=\"slide\" aria-label=\"slide-327\" data-date=\"2025-05-21 09:27:08\"><img loading=\"lazy\" decoding=\"async\" src=\"https:\/\/gurka-kerstin.web.kslinz.at\/gurkakerstin\/wp-content\/uploads\/2025\/05\/28-1-700x700.jpg\" height=\"700\" width=\"700\" alt=\"\" class=\"slider-304 slide-327\" title=\"28\" \/><\/li>\n                <li style=\"display: none; width: 100%;\" class=\"slide-328 ms-image \" aria-roledescription=\"slide\" aria-label=\"slide-328\" data-date=\"2025-05-21 09:27:08\"><img loading=\"lazy\" decoding=\"async\" src=\"https:\/\/gurka-kerstin.web.kslinz.at\/gurkakerstin\/wp-content\/uploads\/2025\/05\/29-700x700.jpg\" height=\"700\" width=\"700\" alt=\"\" class=\"slider-304 slide-328\" title=\"29\" \/><\/li>\n                <li style=\"display: none; width: 100%;\" class=\"slide-329 ms-image \" aria-roledescription=\"slide\" aria-label=\"slide-329\" data-date=\"2025-05-21 09:27:08\"><img loading=\"lazy\" decoding=\"async\" src=\"https:\/\/gurka-kerstin.web.kslinz.at\/gurkakerstin\/wp-content\/uploads\/2025\/05\/30-700x700.jpg\" height=\"700\" width=\"700\" alt=\"\" class=\"slider-304 slide-329\" title=\"30\" \/><\/li>\n                <li style=\"display: none; width: 100%;\" class=\"slide-330 ms-image \" aria-roledescription=\"slide\" aria-label=\"slide-330\" data-date=\"2025-05-21 09:27:08\"><img loading=\"lazy\" decoding=\"async\" src=\"https:\/\/gurka-kerstin.web.kslinz.at\/gurkakerstin\/wp-content\/uploads\/2025\/05\/31-700x700.jpg\" height=\"700\" width=\"700\" alt=\"\" class=\"slider-304 slide-330\" title=\"31\" \/><\/li>\n                <li style=\"display: none; width: 100%;\" class=\"slide-331 ms-image \" aria-roledescription=\"slide\" aria-label=\"slide-331\" data-date=\"2025-05-21 09:27:08\"><img loading=\"lazy\" decoding=\"async\" src=\"https:\/\/gurka-kerstin.web.kslinz.at\/gurkakerstin\/wp-content\/uploads\/2025\/05\/32-700x700.jpg\" height=\"700\" width=\"700\" alt=\"\" class=\"slider-304 slide-331\" title=\"32\" \/><\/li>\n                <li style=\"display: none; width: 100%;\" class=\"slide-332 ms-image \" aria-roledescription=\"slide\" aria-label=\"slide-332\" data-date=\"2025-05-21 09:27:08\"><img loading=\"lazy\" decoding=\"async\" src=\"https:\/\/gurka-kerstin.web.kslinz.at\/gurkakerstin\/wp-content\/uploads\/2025\/05\/33-700x700.jpg\" height=\"700\" width=\"700\" alt=\"\" class=\"slider-304 slide-332\" title=\"33\" \/><\/li>\n            <\/ul>\n        <\/div>\n        \n    <\/div>\n<\/div><\/div>\n<\/div>\n\n\n\n<div class=\"wp-block-column is-layout-flow wp-block-column-is-layout-flow\">\n<div class=\"alignnormal\"><div id=\"metaslider-id-333\" style=\"width: 100%;\" class=\"ml-slider-3-98-0 metaslider metaslider-flex metaslider-333 ml-slider ms-theme-default-base has-dots-nav\" role=\"region\" aria-roledescription=\"Slideshow\" aria-label=\"New Slideshow\" data-width=\"700\">\n    <div id=\"metaslider_container_333\">\n        <div id=\"metaslider_333\">\n            <ul class='slides'>\n                <li style=\"display: block; width: 100%;\" class=\"slide-340 ms-image \" aria-roledescription=\"slide\" aria-label=\"slide-340\" data-date=\"2025-05-21 09:28:34\"><img loading=\"lazy\" decoding=\"async\" src=\"https:\/\/gurka-kerstin.web.kslinz.at\/gurkakerstin\/wp-content\/uploads\/2025\/05\/6-700x700.jpg\" height=\"700\" width=\"700\" alt=\"\" class=\"slider-333 slide-340\" title=\"6\" \/><\/li>\n                <li style=\"display: none; width: 100%;\" class=\"slide-341 ms-image \" aria-roledescription=\"slide\" aria-label=\"slide-341\" data-date=\"2025-05-21 09:28:35\"><img loading=\"lazy\" decoding=\"async\" src=\"https:\/\/gurka-kerstin.web.kslinz.at\/gurkakerstin\/wp-content\/uploads\/2025\/05\/13-700x700.jpg\" height=\"700\" width=\"700\" alt=\"\" class=\"slider-333 slide-341\" title=\"13\" \/><\/li>\n                <li style=\"display: none; width: 100%;\" class=\"slide-342 ms-image \" aria-roledescription=\"slide\" aria-label=\"slide-342\" data-date=\"2025-05-21 09:28:35\"><img loading=\"lazy\" decoding=\"async\" src=\"https:\/\/gurka-kerstin.web.kslinz.at\/gurkakerstin\/wp-content\/uploads\/2025\/05\/17-700x700.jpg\" height=\"700\" width=\"700\" alt=\"\" class=\"slider-333 slide-342\" title=\"17\" \/><\/li>\n                <li style=\"display: none; width: 100%;\" class=\"slide-343 ms-image \" aria-roledescription=\"slide\" aria-label=\"slide-343\" data-date=\"2025-05-21 09:28:35\"><img loading=\"lazy\" decoding=\"async\" src=\"https:\/\/gurka-kerstin.web.kslinz.at\/gurkakerstin\/wp-content\/uploads\/2025\/05\/19-700x700.jpg\" height=\"700\" width=\"700\" alt=\"\" class=\"slider-333 slide-343\" title=\"19\" \/><\/li>\n                <li style=\"display: none; width: 100%;\" class=\"slide-344 ms-image \" aria-roledescription=\"slide\" aria-label=\"slide-344\" data-date=\"2025-05-21 09:28:35\"><img loading=\"lazy\" decoding=\"async\" src=\"https:\/\/gurka-kerstin.web.kslinz.at\/gurkakerstin\/wp-content\/uploads\/2025\/05\/20-700x700.jpg\" height=\"700\" width=\"700\" alt=\"\" class=\"slider-333 slide-344\" title=\"20\" \/><\/li>\n                <li style=\"display: none; width: 100%;\" class=\"slide-345 ms-image \" aria-roledescription=\"slide\" aria-label=\"slide-345\" data-date=\"2025-05-21 09:28:35\"><img loading=\"lazy\" decoding=\"async\" src=\"https:\/\/gurka-kerstin.web.kslinz.at\/gurkakerstin\/wp-content\/uploads\/2025\/05\/23-700x700.jpg\" height=\"700\" width=\"700\" alt=\"\" class=\"slider-333 slide-345\" title=\"23\" \/><\/li>\n                <li style=\"display: none; width: 100%;\" class=\"slide-371 ms-image \" aria-roledescription=\"slide\" aria-label=\"slide-371\" data-date=\"2025-05-21 09:30:51\"><img loading=\"lazy\" decoding=\"async\" src=\"https:\/\/gurka-kerstin.web.kslinz.at\/gurkakerstin\/wp-content\/uploads\/2025\/05\/2-700x700.jpg\" height=\"700\" width=\"700\" alt=\"\" class=\"slider-333 slide-371\" title=\"2\" \/><\/li>\n                <li style=\"display: none; width: 100%;\" class=\"slide-372 ms-image \" aria-roledescription=\"slide\" aria-label=\"slide-372\" data-date=\"2025-05-21 09:30:51\"><img loading=\"lazy\" decoding=\"async\" src=\"https:\/\/gurka-kerstin.web.kslinz.at\/gurkakerstin\/wp-content\/uploads\/2025\/05\/15-700x700.jpg\" height=\"700\" width=\"700\" alt=\"\" class=\"slider-333 slide-372\" title=\"15\" \/><\/li>\n            <\/ul>\n        <\/div>\n        \n    <\/div>\n<\/div><\/div>\n<\/div>\n\n\n\n<div class=\"wp-block-column is-layout-flow wp-block-column-is-layout-flow\">\n<div class=\"alignnormal\"><div id=\"metaslider-id-346\" style=\"width: 100%;\" class=\"ml-slider-3-98-0 metaslider metaslider-flex metaslider-346 ml-slider ms-theme-default-base has-dots-nav\" role=\"region\" aria-roledescription=\"Slideshow\" aria-label=\"New Slideshow\" data-width=\"700\">\n    <div id=\"metaslider_container_346\">\n        <div id=\"metaslider_346\">\n            <ul class='slides'>\n                <li style=\"display: block; width: 100%;\" class=\"slide-360 ms-image \" aria-roledescription=\"slide\" aria-label=\"slide-360\" data-date=\"2025-05-21 09:30:03\"><img loading=\"lazy\" decoding=\"async\" src=\"https:\/\/gurka-kerstin.web.kslinz.at\/gurkakerstin\/wp-content\/uploads\/2025\/05\/1-700x700.jpg\" height=\"700\" width=\"700\" alt=\"\" class=\"slider-346 slide-360\" title=\"1\" \/><\/li>\n                <li style=\"display: none; width: 100%;\" class=\"slide-361 ms-image \" aria-roledescription=\"slide\" aria-label=\"slide-361\" data-date=\"2025-05-21 09:30:03\"><img loading=\"lazy\" decoding=\"async\" src=\"https:\/\/gurka-kerstin.web.kslinz.at\/gurkakerstin\/wp-content\/uploads\/2025\/05\/7-700x700.jpg\" height=\"700\" width=\"700\" alt=\"\" class=\"slider-346 slide-361\" title=\"7\" \/><\/li>\n                <li style=\"display: none; width: 100%;\" class=\"slide-362 ms-image \" aria-roledescription=\"slide\" aria-label=\"slide-362\" data-date=\"2025-05-21 09:30:03\"><img loading=\"lazy\" decoding=\"async\" src=\"https:\/\/gurka-kerstin.web.kslinz.at\/gurkakerstin\/wp-content\/uploads\/2025\/05\/9-700x700.jpg\" height=\"700\" width=\"700\" alt=\"\" class=\"slider-346 slide-362\" title=\"9\" \/><\/li>\n                <li style=\"display: none; width: 100%;\" class=\"slide-363 ms-image \" aria-roledescription=\"slide\" aria-label=\"slide-363\" data-date=\"2025-05-21 09:30:03\"><img loading=\"lazy\" decoding=\"async\" src=\"https:\/\/gurka-kerstin.web.kslinz.at\/gurkakerstin\/wp-content\/uploads\/2025\/05\/11-700x700.jpg\" height=\"700\" width=\"700\" alt=\"\" class=\"slider-346 slide-363\" title=\"11\" \/><\/li>\n                <li style=\"display: none; width: 100%;\" class=\"slide-364 ms-image \" aria-roledescription=\"slide\" aria-label=\"slide-364\" data-date=\"2025-05-21 09:30:03\"><img loading=\"lazy\" decoding=\"async\" src=\"https:\/\/gurka-kerstin.web.kslinz.at\/gurkakerstin\/wp-content\/uploads\/2025\/05\/14-700x700.jpg\" height=\"700\" width=\"700\" alt=\"\" class=\"slider-346 slide-364\" title=\"14\" \/><\/li>\n                <li style=\"display: none; width: 100%;\" class=\"slide-365 ms-image \" aria-roledescription=\"slide\" aria-label=\"slide-365\" data-date=\"2025-05-21 09:30:04\"><img loading=\"lazy\" decoding=\"async\" src=\"https:\/\/gurka-kerstin.web.kslinz.at\/gurkakerstin\/wp-content\/uploads\/2025\/05\/16-700x700.jpg\" height=\"700\" width=\"700\" alt=\"\" class=\"slider-346 slide-365\" title=\"16\" \/><\/li>\n                <li style=\"display: none; width: 100%;\" class=\"slide-366 ms-image \" aria-roledescription=\"slide\" aria-label=\"slide-366\" data-date=\"2025-05-21 09:30:04\"><img loading=\"lazy\" decoding=\"async\" src=\"https:\/\/gurka-kerstin.web.kslinz.at\/gurkakerstin\/wp-content\/uploads\/2025\/05\/18-700x700.jpg\" height=\"700\" width=\"700\" alt=\"\" class=\"slider-346 slide-366\" title=\"18\" \/><\/li>\n                <li style=\"display: none; width: 100%;\" class=\"slide-367 ms-image \" aria-roledescription=\"slide\" aria-label=\"slide-367\" data-date=\"2025-05-21 09:30:04\"><img loading=\"lazy\" decoding=\"async\" src=\"https:\/\/gurka-kerstin.web.kslinz.at\/gurkakerstin\/wp-content\/uploads\/2025\/05\/22-700x700.jpg\" height=\"700\" width=\"700\" alt=\"\" class=\"slider-346 slide-367\" title=\"22\" \/><\/li>\n                <li style=\"display: none; width: 100%;\" class=\"slide-368 ms-image \" aria-roledescription=\"slide\" aria-label=\"slide-368\" data-date=\"2025-05-21 09:30:04\"><img loading=\"lazy\" decoding=\"async\" src=\"https:\/\/gurka-kerstin.web.kslinz.at\/gurkakerstin\/wp-content\/uploads\/2025\/05\/25-2-700x700.jpg\" height=\"700\" width=\"700\" alt=\"\" class=\"slider-346 slide-368\" title=\"25\" \/><\/li>\n                <li style=\"display: none; width: 100%;\" class=\"slide-369 ms-image \" aria-roledescription=\"slide\" aria-label=\"slide-369\" data-date=\"2025-05-21 09:30:04\"><img loading=\"lazy\" decoding=\"async\" src=\"https:\/\/gurka-kerstin.web.kslinz.at\/gurkakerstin\/wp-content\/uploads\/2025\/05\/26-700x700.jpg\" height=\"700\" width=\"700\" alt=\"\" class=\"slider-346 slide-369\" title=\"26\" \/><\/li>\n                <li style=\"display: none; width: 100%;\" class=\"slide-370 ms-image \" aria-roledescription=\"slide\" aria-label=\"slide-370\" data-date=\"2025-05-21 09:30:04\"><img loading=\"lazy\" decoding=\"async\" src=\"https:\/\/gurka-kerstin.web.kslinz.at\/gurkakerstin\/wp-content\/uploads\/2025\/05\/27-1-700x700.jpg\" height=\"700\" width=\"700\" alt=\"\" class=\"slider-346 slide-370\" title=\"27\" \/><\/li>\n            <\/ul>\n        <\/div>\n        \n    <\/div>\n<\/div><\/div>\n<\/div>\n<\/div>\n\n\n\n<div class=\"wp-block-columns is-layout-flex wp-container-core-columns-is-layout-9d6595d7 wp-block-columns-is-layout-flex\">\n<div class=\"wp-block-column is-layout-flow wp-block-column-is-layout-flow\">\n<div id=\"wp-block-themeisle-blocks-circle-counter-7ce29516\" data-percentage=\"80\" data-duration=\"2\" data-height=\"100\" data-stroke-width=\"10\" data-background-stroke=\"#dad0be\" data-progress-stroke=\"#644827\" class=\"wp-block-themeisle-blocks-circle-counter\"><div class=\"wp-block-themeisle-blocks-circle-counter-title__area\"><span class=\"wp-block-themeisle-blocks-circle-counter-title__value\">Vikings<\/span><\/div><div class=\"wp-block-themeisle-blocks-circle-counter__bar\"><\/div><\/div>\n<\/div>\n\n\n\n<div class=\"wp-block-column is-layout-flow wp-block-column-is-layout-flow\">\n<div id=\"wp-block-themeisle-blocks-circle-counter-371eb7ca\" data-percentage=\"50\" data-duration=\"2\" data-height=\"100\" data-stroke-width=\"10\" data-background-stroke=\"#dad0be\" data-progress-stroke=\"#644827\" class=\"wp-block-themeisle-blocks-circle-counter\"><div class=\"wp-block-themeisle-blocks-circle-counter-title__area\"><span class=\"wp-block-themeisle-blocks-circle-counter-title__value\">Anime<\/span><\/div><div class=\"wp-block-themeisle-blocks-circle-counter__bar\"><\/div><\/div>\n<\/div>\n\n\n\n<div class=\"wp-block-column is-layout-flow wp-block-column-is-layout-flow\">\n<div id=\"wp-block-themeisle-blocks-circle-counter-8c3c2669\" data-percentage=\"60\" data-duration=\"2\" data-height=\"100\" data-stroke-width=\"10\" data-background-stroke=\"#dad0be\" data-progress-stroke=\"#644827\" class=\"wp-block-themeisle-blocks-circle-counter\"><div class=\"wp-block-themeisle-blocks-circle-counter-title__area\"><span class=\"wp-block-themeisle-blocks-circle-counter-title__value\">Andere<\/span><\/div><div class=\"wp-block-themeisle-blocks-circle-counter__bar\"><\/div><\/div>\n<\/div>\n<\/div>\n\n\n\n<div class=\"wp-block-columns is-layout-flex wp-container-core-columns-is-layout-9d6595d7 wp-block-columns-is-layout-flex\">\n<div class=\"wp-block-column is-layout-flow wp-block-column-is-layout-flow\"><\/div>\n<\/div>\n\n\n\n<div class=\"real3dflipbook\" id=\"2_69d2aa94ccc0b\" style=\"position:absolute;\"><\/div>\n\n\n<div class=\"wp-block-image\">\n<figure class=\"aligncenter size-large is-resized\"><img loading=\"lazy\" decoding=\"async\" width=\"891\" height=\"1024\" src=\"https:\/\/gurka-kerstin.web.kslinz.at\/gurkakerstin\/wp-content\/uploads\/2025\/05\/flaffyflaff_qr-891x1024.png\" alt=\"\" class=\"wp-image-377\" style=\"width:287px;height:auto\" srcset=\"https:\/\/gurka-kerstin.web.kslinz.at\/gurkakerstin\/wp-content\/uploads\/2025\/05\/flaffyflaff_qr-891x1024.png 891w, https:\/\/gurka-kerstin.web.kslinz.at\/gurkakerstin\/wp-content\/uploads\/2025\/05\/flaffyflaff_qr-261x300.png 261w, https:\/\/gurka-kerstin.web.kslinz.at\/gurkakerstin\/wp-content\/uploads\/2025\/05\/flaffyflaff_qr-768x882.png 768w, https:\/\/gurka-kerstin.web.kslinz.at\/gurkakerstin\/wp-content\/uploads\/2025\/05\/flaffyflaff_qr-1337x1536.png 1337w, https:\/\/gurka-kerstin.web.kslinz.at\/gurkakerstin\/wp-content\/uploads\/2025\/05\/flaffyflaff_qr-1783x2048.png 1783w, https:\/\/gurka-kerstin.web.kslinz.at\/gurkakerstin\/wp-content\/uploads\/2025\/05\/flaffyflaff_qr-1140x1310.png 1140w\" sizes=\"auto, (max-width: 891px) 100vw, 891px\" \/><\/figure>\n<\/div>\n\n\n<div class=\"wp-block-columns is-layout-flex wp-container-core-columns-is-layout-9d6595d7 wp-block-columns-is-layout-flex\">\n<div class=\"wp-block-column is-layout-flow wp-block-column-is-layout-flow\">\n<figure class=\"wp-block-video\"><video height=\"848\" style=\"aspect-ratio: 480 \/ 848;\" width=\"480\" controls src=\"https:\/\/gurka-kerstin.web.kslinz.at\/gurkakerstin\/wp-content\/uploads\/2025\/05\/WhatsApp-Video-2025-05-21-um-12.27.55_3cf8a704-1.mp4\"><\/video><\/figure>\n<\/div>\n\n\n\n<div class=\"wp-block-column is-layout-flow wp-block-column-is-layout-flow\">\n<figure class=\"wp-block-video\"><video height=\"848\" style=\"aspect-ratio: 480 \/ 848;\" width=\"480\" controls src=\"https:\/\/gurka-kerstin.web.kslinz.at\/gurkakerstin\/wp-content\/uploads\/2025\/05\/WhatsApp-Video-2025-05-21-um-12.28.09_a66175e8.mp4\"><\/video><\/figure>\n<\/div>\n\n\n\n<div class=\"wp-block-column is-layout-flow wp-block-column-is-layout-flow\">\n<figure class=\"wp-block-video\"><video height=\"848\" style=\"aspect-ratio: 480 \/ 848;\" width=\"480\" controls src=\"https:\/\/gurka-kerstin.web.kslinz.at\/gurkakerstin\/wp-content\/uploads\/2025\/05\/WhatsApp-Video-2025-05-21-um-12.27.53_6aa19bf7-1.mp4\"><\/video><\/figure>\n<\/div>\n<\/div>\n\n\n\n<figure class=\"wp-block-video\"><video height=\"480\" style=\"aspect-ratio: 848 \/ 480;\" width=\"848\" controls src=\"https:\/\/gurka-kerstin.web.kslinz.at\/gurkakerstin\/wp-content\/uploads\/2025\/05\/WhatsApp-Video-2025-05-21-um-12.28.03_e68d0ffb-1.mp4\"><\/video><\/figure>\n","protected":false},"excerpt":{"rendered":"<p>Mein gr\u00f6\u00dftes Hobby ist das Cosplayen.Ich liebe es in verschiedene Rollen zu schl\u00fcpfen und auf Conventions zu gehen.Eine Nerdin im Herzen<\/p>\n","protected":false},"author":1,"featured_media":0,"parent":0,"menu_order":0,"comment_status":"closed","ping_status":"closed","template":"","meta":{"_themeisle_gutenberg_block_has_review":false,"footnotes":""},"class_list":["post-57","page","type-page","status-publish","hentry"],"_links":{"self":[{"href":"https:\/\/gurka-kerstin.web.kslinz.at\/gurkakerstin\/index.php?rest_route=\/wp\/v2\/pages\/57","targetHints":{"allow":["GET"]}}],"collection":[{"href":"https:\/\/gurka-kerstin.web.kslinz.at\/gurkakerstin\/index.php?rest_route=\/wp\/v2\/pages"}],"about":[{"href":"https:\/\/gurka-kerstin.web.kslinz.at\/gurkakerstin\/index.php?rest_route=\/wp\/v2\/types\/page"}],"author":[{"embeddable":true,"href":"https:\/\/gurka-kerstin.web.kslinz.at\/gurkakerstin\/index.php?rest_route=\/wp\/v2\/users\/1"}],"replies":[{"embeddable":true,"href":"https:\/\/gurka-kerstin.web.kslinz.at\/gurkakerstin\/index.php?rest_route=%2Fwp%2Fv2%2Fcomments&post=57"}],"version-history":[{"count":17,"href":"https:\/\/gurka-kerstin.web.kslinz.at\/gurkakerstin\/index.php?rest_route=\/wp\/v2\/pages\/57\/revisions"}],"predecessor-version":[{"id":478,"href":"https:\/\/gurka-kerstin.web.kslinz.at\/gurkakerstin\/index.php?rest_route=\/wp\/v2\/pages\/57\/revisions\/478"}],"wp:attachment":[{"href":"https:\/\/gurka-kerstin.web.kslinz.at\/gurkakerstin\/index.php?rest_route=%2Fwp%2Fv2%2Fmedia&parent=57"}],"curies":[{"name":"wp","href":"https:\/\/api.w.org\/{rel}","templated":true}]}}