{"id":482,"date":"2025-06-02T06:54:53","date_gmt":"2025-06-02T06:54:53","guid":{"rendered":"https:\/\/gurka-kerstin.web.kslinz.at\/gurkakerstin\/?page_id=482"},"modified":"2025-06-02T06:54:53","modified_gmt":"2025-06-02T06:54:53","slug":"datenschutzerklaerung","status":"publish","type":"page","link":"https:\/\/gurka-kerstin.web.kslinz.at\/gurkakerstin\/?page_id=482","title":{"rendered":"Datenschutzerkl\u00e4rung"},"content":{"rendered":"\n<h3 class=\"wp-block-heading\">Allgemeines<\/h3>\n\n\n\n<p>Der Schutz Ihrer pers\u00f6nlichen Daten ist mir ein besonderes Anliegen. Ich verarbeite Ihre Daten daher ausschlie\u00dflich auf Grundlage der gesetzlichen Bestimmungen (DSGVO, TKG 2003). In dieser Datenschutzerkl\u00e4rung informiere ich Sie \u00fcber die wichtigsten Aspekte der Datenverarbeitung im Rahmen dieser Website.<\/p>\n\n\n\n<h3 class=\"wp-block-heading\">Kontakt mit mir<\/h3>\n\n\n\n<p>Wenn Sie per E-Mail Kontakt mit mir aufnehmen, werden Ihre angegebenen Daten zwecks Bearbeitung der Anfrage und f\u00fcr den Fall von Anschlussfragen <strong>sechs Monate<\/strong> bei mir gespeichert. Diese Daten gebe ich <strong>nicht ohne Ihre Einwilligung<\/strong> weiter.<\/p>\n\n\n\n<h3 class=\"wp-block-heading\">Cookies<\/h3>\n\n\n\n<p>Meine Website verwendet m\u00f6glicherweise sogenannte \u201eCookies\u201c. Das sind kleine Textdateien, die mit Hilfe des Browsers auf Ihrem Endger\u00e4t abgelegt werden. Sie richten keinen Schaden an.<\/p>\n\n\n\n<p>Cookies werden verwendet, um das Angebot nutzerfreundlich zu gestalten. Einige Cookies bleiben auf Ihrem Endger\u00e4t gespeichert, bis Sie diese l\u00f6schen. Sie erm\u00f6glichen es der Website, Ihren Browser beim n\u00e4chsten Besuch wiederzuerkennen.<\/p>\n\n\n\n<p>Wenn Sie dies nicht w\u00fcnschen, k\u00f6nnen Sie Ihren Browser so einrichten, dass er Sie \u00fcber das Setzen von Cookies informiert und Sie dies nur im Einzelfall erlauben.<\/p>\n\n\n\n<p>Bei der Deaktivierung von Cookies kann die Funktionalit\u00e4t meiner Website eingeschr\u00e4nkt sein.<\/p>\n\n\n\n<h3 class=\"wp-block-heading\">Web-Analyse<\/h3>\n\n\n\n<p>Diese Website verwendet derzeit <strong>keine Web-Analyse-Tools<\/strong> (wie z.\u202fB. Google Analytics). Sollte sich das \u00e4ndern, wird diese Datenschutzerkl\u00e4rung entsprechend angepasst.<\/p>\n\n\n\n<h3 class=\"wp-block-heading\">Ihre Rechte<\/h3>\n\n\n\n<p>Ihnen stehen grunds\u00e4tzlich die Rechte auf <strong>Auskunft<\/strong>, <strong>Berichtigung<\/strong>, <strong>L\u00f6schung<\/strong>, <strong>Einschr\u00e4nkung<\/strong>, <strong>Daten\u00fcbertragbarkeit<\/strong>, <strong>Widerruf<\/strong> und <strong>Widerspruch<\/strong> zu. Wenn Sie glauben, dass die Verarbeitung Ihrer Daten gegen das Datenschutzrecht verst\u00f6\u00dft oder Ihre datenschutzrechtlichen Anspr\u00fcche sonst in einer Weise verletzt worden sind, k\u00f6nnen Sie sich bei der Aufsichtsbeh\u00f6rde beschweren.<\/p>\n\n\n\n<p>In \u00d6sterreich ist dies die <strong>Datenschutzbeh\u00f6rde<\/strong>:<br><a>https:\/\/www.dsb.gv.at\/<\/a><\/p>\n\n\n\n<h3 class=\"wp-block-heading\">Kontakt f\u00fcr Datenschutz-Anfragen<\/h3>\n\n\n\n<p>Bei Fragen zum Datenschutz erreichen Sie mich unter:<\/p>\n\n\n\n<p><strong>Kerstin Gurka<\/strong><br>E-Mail: <a>gurka0220@gmail.com<\/a><\/p>\n","protected":false},"excerpt":{"rendered":"<p>Allgemeines Der Schutz Ihrer pers\u00f6nlichen Daten ist mir ein besonderes Anliegen. Ich verarbeite Ihre Daten daher ausschlie\u00dflich auf Grundlage der gesetzlichen Bestimmungen (DSGVO, TKG 2003). In dieser Datenschutzerkl\u00e4rung informiere ich Sie \u00fcber die wichtigsten Aspekte der Datenverarbeitung im Rahmen dieser Website. Kontakt mit mir Wenn Sie per E-Mail Kontakt mit mir aufnehmen, werden Ihre angegebenen Daten zwecks Bearbeitung der Anfrage und f\u00fcr den Fall von Anschlussfragen sechs Monate bei mir gespeichert. Diese Daten gebe ich nicht ohne Ihre Einwilligung weiter. Cookies Meine Website verwendet m\u00f6glicherweise sogenannte \u201eCookies\u201c. Das sind kleine Textdateien, die mit Hilfe des Browsers auf Ihrem Endger\u00e4t abgelegt werden. Sie richten keinen Schaden an. Cookies werden verwendet, um das Angebot nutzerfreundlich zu gestalten. Einige Cookies bleiben auf Ihrem Endger\u00e4t gespeichert, bis Sie diese l\u00f6schen. Sie erm\u00f6glichen es der Website, Ihren Browser beim n\u00e4chsten Besuch wiederzuerkennen. Wenn Sie dies nicht w\u00fcnschen, k\u00f6nnen Sie Ihren Browser so einrichten, dass er Sie \u00fcber das Setzen von Cookies informiert und Sie dies nur im Einzelfall erlauben. Bei der Deaktivierung von Cookies kann die Funktionalit\u00e4t meiner Website eingeschr\u00e4nkt sein. Web-Analyse Diese Website verwendet derzeit keine Web-Analyse-Tools (wie z.\u202fB. Google Analytics). Sollte sich das \u00e4ndern, wird diese Datenschutzerkl\u00e4rung entsprechend angepasst. Ihre Rechte Ihnen stehen grunds\u00e4tzlich die Rechte auf Auskunft, Berichtigung, L\u00f6schung, Einschr\u00e4nkung, Daten\u00fcbertragbarkeit, Widerruf und Widerspruch zu. Wenn Sie glauben, dass die Verarbeitung Ihrer Daten gegen das Datenschutzrecht verst\u00f6\u00dft oder Ihre datenschutzrechtlichen Anspr\u00fcche sonst in einer Weise verletzt worden sind, k\u00f6nnen Sie sich bei der Aufsichtsbeh\u00f6rde beschweren. In \u00d6sterreich ist dies die Datenschutzbeh\u00f6rde:https:\/\/www.dsb.gv.at\/ Kontakt f\u00fcr Datenschutz-Anfragen Bei Fragen zum Datenschutz erreichen Sie mich unter: Kerstin GurkaE-Mail: gurka0220@gmail.com<\/p>\n","protected":false},"author":1,"featured_media":0,"parent":0,"menu_order":0,"comment_status":"closed","ping_status":"closed","template":"","meta":{"_themeisle_gutenberg_block_has_review":false,"footnotes":""},"class_list":["post-482","page","type-page","status-publish","hentry"],"_links":{"self":[{"href":"https:\/\/gurka-kerstin.web.kslinz.at\/gurkakerstin\/index.php?rest_route=\/wp\/v2\/pages\/482","targetHints":{"allow":["GET"]}}],"collection":[{"href":"https:\/\/gurka-kerstin.web.kslinz.at\/gurkakerstin\/index.php?rest_route=\/wp\/v2\/pages"}],"about":[{"href":"https:\/\/gurka-kerstin.web.kslinz.at\/gurkakerstin\/index.php?rest_route=\/wp\/v2\/types\/page"}],"author":[{"embeddable":true,"href":"https:\/\/gurka-kerstin.web.kslinz.at\/gurkakerstin\/index.php?rest_route=\/wp\/v2\/users\/1"}],"replies":[{"embeddable":true,"href":"https:\/\/gurka-kerstin.web.kslinz.at\/gurkakerstin\/index.php?rest_route=%2Fwp%2Fv2%2Fcomments&post=482"}],"version-history":[{"count":1,"href":"https:\/\/gurka-kerstin.web.kslinz.at\/gurkakerstin\/index.php?rest_route=\/wp\/v2\/pages\/482\/revisions"}],"predecessor-version":[{"id":483,"href":"https:\/\/gurka-kerstin.web.kslinz.at\/gurkakerstin\/index.php?rest_route=\/wp\/v2\/pages\/482\/revisions\/483"}],"wp:attachment":[{"href":"https:\/\/gurka-kerstin.web.kslinz.at\/gurkakerstin\/index.php?rest_route=%2Fwp%2Fv2%2Fmedia&parent=482"}],"curies":[{"name":"wp","href":"https:\/\/api.w.org\/{rel}","templated":true}]}}